{"id":435,"date":"2026-01-22T16:57:34","date_gmt":"2026-01-22T15:57:34","guid":{"rendered":"https:\/\/www.restaurantlaluciole.com\/?page_id=435"},"modified":"2026-01-22T17:06:04","modified_gmt":"2026-01-22T16:06:04","slug":"mentions-legales","status":"publish","type":"page","link":"https:\/\/www.restaurantlaluciole.com\/index.php\/mentions-legales\/","title":{"rendered":"Mentions l\u00e9gales"},"content":{"rendered":"\t\t<div data-elementor-type=\"wp-page\" data-elementor-id=\"435\" class=\"elementor elementor-435\" data-elementor-post-type=\"page\">\n\t\t\t\t<div class=\"elementor-element elementor-element-db5e496 e-flex e-con-boxed e-con e-parent\" data-id=\"db5e496\" data-element_type=\"container\" data-e-type=\"container\">\n\t\t\t\t\t<div class=\"e-con-inner\">\n\t\t\t\t<div class=\"elementor-element elementor-element-0e72402 elementor-widget elementor-widget-text-editor\" data-id=\"0e72402\" data-element_type=\"widget\" data-e-type=\"widget\" data-widget_type=\"text-editor.default\">\n\t\t\t\t<div class=\"elementor-widget-container\">\n\t\t\t\t\t\t\t\t\t<p class=\"p3\"><b>1. \u00c9diteur du site<\/b><\/p><p class=\"p4\">Le site internet <a href=\"http:\/\/www.restaurantlaluciole.com\/\"><span class=\"s1\"><b>www.restaurantlaluciole.com<\/b><\/span><\/a> est \u00e9dit\u00e9 par :<\/p><p class=\"p4\"><b>Restaurant La Luciole<\/b><br \/>Restaurant situ\u00e9 \u00e0 l\u2019entr\u00e9e du Jardin de Balata, Route de Balata,<br \/>97234 <b>Fort-de-France<\/b>, <b>Martinique<\/b> (France) <br \/>T\u00e9l\u00e9phone : <b>+596 596 73 79 11<\/b> <br \/>Email : <b>contact@restaurantlaluciole.com<\/b><b><\/b><\/p><p class=\"p4\">Directeur de la publication : <b>Thierry Chaulet<\/b><b><\/b><\/p><p class=\"p3\"><b>2. H\u00e9bergeur du site<\/b><\/p><p class=\"p4\">H\u00e9bergeur : SAS GANDI<\/p><p class=\"p4\">63-65 Boulevard Mass\u00e9na, 75013 Paris<\/p><p class=\"p4\">Site Web :\u00a0<a href=\"http:\/\/www.gandi.net\/fr\"><span class=\"s1\">www.gandi.net\/fr<\/span><\/a><\/p><p class=\"p3\"><b>3. Propri\u00e9t\u00e9 intellectuelle<\/b><\/p><p class=\"p4\">Tous les contenus pr\u00e9sents sur ce site (textes, images, logos, graphismes, vid\u00e9os, ic\u00f4nes, etc.) sont prot\u00e9g\u00e9s par le <b>Code de la propri\u00e9t\u00e9 intellectuelle<\/b>.<br \/>Toute reproduction, repr\u00e9sentation, modification ou diffusion, totale ou partielle, de ces contenus sans autorisation pr\u00e9alable est strictement interdite.<\/p><p class=\"p3\"><b>4. Donn\u00e9es personnelles<\/b><\/p><p class=\"p4\">Le site peut \u00eatre amen\u00e9 \u00e0 collecter des donn\u00e9es personnelles (par exemple via un formulaire de contact).<br \/>Conform\u00e9ment au <b>R\u00e8glement G\u00e9n\u00e9ral sur la Protection des Donn\u00e9es (RGPD)<\/b> et \u00e0 la loi \u00ab Informatique et Libert\u00e9s \u00bb, vous disposez d\u2019un droit d\u2019acc\u00e8s, de rectification, de suppression, de limitation et d\u2019opposition concernant vos donn\u00e9es personnelles.<br \/>Pour exercer ces droits ou pour toute question relative \u00e0 la protection de vos donn\u00e9es, contactez :<br \/>\ud83d\udce7 <b>contact@restaurantlaluciole.com<\/b><b><\/b><\/p><p class=\"p3\"><b>5. Cookies<\/b><\/p><p class=\"p4\">Des cookies peuvent \u00eatre utilis\u00e9s pour am\u00e9liorer votre navigation sur le site.<br \/>Vous pouvez configurer votre navigateur pour accepter ou refuser les cookies et supprimer ceux d\u00e9j\u00e0 enregistr\u00e9s. La d\u00e9sactivation de certains cookies peut toutefois affecter l\u2019acc\u00e8s \u00e0 certaines fonctionnalit\u00e9s.<\/p><p class=\"p3\"><b>6. Responsabilit\u00e9<\/b><\/p><p class=\"p4\">Les informations publi\u00e9es sur ce site sont fournies \u00e0 titre indicatif et peuvent \u00eatre modifi\u00e9es sans pr\u00e9avis.<br \/>L\u2019\u00e9diteur ne peut garantir l\u2019exactitude, l\u2019exhaustivit\u00e9 ou l\u2019actualit\u00e9 des informations diffus\u00e9es et ne peut \u00eatre tenu responsable des dommages directs ou indirects r\u00e9sultant de l\u2019acc\u00e8s ou de l\u2019utilisation du site.<\/p><p class=\"p3\"><b>7. Loi applicable<\/b><\/p><p class=\"p4\">Les pr\u00e9sentes mentions l\u00e9gales sont soumises au droit fran\u00e7ais.<br \/>En cas de litige, les tribunaux fran\u00e7ais seront seuls comp\u00e9tents.<\/p>\t\t\t\t\t\t\t\t<\/div>\n\t\t\t\t<\/div>\n\t\t\t\t\t<\/div>\n\t\t\t\t<\/div>\n\t\t\t\t<\/div>\n\t\t","protected":false},"excerpt":{"rendered":"<p>1. \u00c9diteur du site Le site internet www.restaurantlaluciole.com est \u00e9dit\u00e9 par : Restaurant La LucioleRestaurant situ\u00e9 \u00e0 l\u2019entr\u00e9e du Jardin de Balata, Route de Balata,97234 Fort-de-France, Martinique (France) T\u00e9l\u00e9phone : +596 596 73 79 11 Email : contact@restaurantlaluciole.com Directeur de la publication : Thierry Chaulet 2. H\u00e9bergeur du site H\u00e9bergeur : SAS GANDI 63-65 Boulevard [&hellip;]<\/p>\n","protected":false},"author":1,"featured_media":0,"parent":0,"menu_order":0,"comment_status":"closed","ping_status":"closed","template":"","meta":{"footnotes":""},"class_list":["post-435","page","type-page","status-publish","hentry"],"_links":{"self":[{"href":"https:\/\/www.restaurantlaluciole.com\/index.php\/wp-json\/wp\/v2\/pages\/435","targetHints":{"allow":["GET"]}}],"collection":[{"href":"https:\/\/www.restaurantlaluciole.com\/index.php\/wp-json\/wp\/v2\/pages"}],"about":[{"href":"https:\/\/www.restaurantlaluciole.com\/index.php\/wp-json\/wp\/v2\/types\/page"}],"author":[{"embeddable":true,"href":"https:\/\/www.restaurantlaluciole.com\/index.php\/wp-json\/wp\/v2\/users\/1"}],"replies":[{"embeddable":true,"href":"https:\/\/www.restaurantlaluciole.com\/index.php\/wp-json\/wp\/v2\/comments?post=435"}],"version-history":[{"count":4,"href":"https:\/\/www.restaurantlaluciole.com\/index.php\/wp-json\/wp\/v2\/pages\/435\/revisions"}],"predecessor-version":[{"id":440,"href":"https:\/\/www.restaurantlaluciole.com\/index.php\/wp-json\/wp\/v2\/pages\/435\/revisions\/440"}],"wp:attachment":[{"href":"https:\/\/www.restaurantlaluciole.com\/index.php\/wp-json\/wp\/v2\/media?parent=435"}],"curies":[{"name":"wp","href":"https:\/\/api.w.org\/{rel}","templated":true}]}}